{"id":1651,"date":"2022-02-21T13:34:36","date_gmt":"2022-02-21T12:34:36","guid":{"rendered":"https:\/\/shedzug.digitalwerk.org\/?page_id=1651"},"modified":"2024-06-28T18:16:45","modified_gmt":"2024-06-28T16:16:45","slug":"imprint","status":"publish","type":"page","link":"https:\/\/shed.staging-gla-united.com\/de\/imprint\/","title":{"rendered":"Impressum"},"content":{"rendered":"<div data-elementor-type=\"wp-page\" data-elementor-id=\"1651\" class=\"elementor elementor-1651\" data-elementor-post-type=\"page\">\n\t\t\t\t\t\t<section class=\"elementor-section elementor-top-section elementor-element elementor-element-d94dfd7 elementor-section-boxed elementor-section-height-default elementor-section-height-default\" data-id=\"d94dfd7\" data-element_type=\"section\">\n\t\t\t\t\t\t<div class=\"elementor-container elementor-column-gap-default\">\n\t\t\t\t\t<div class=\"elementor-column elementor-col-100 elementor-top-column elementor-element elementor-element-11227e4\" data-id=\"11227e4\" data-element_type=\"column\">\n\t\t\t<div class=\"elementor-widget-wrap elementor-element-populated\">\n\t\t\t\t\t\t<div class=\"elementor-element elementor-element-d58ebd8 elementor-invisible elementor-widget elementor-widget-heading\" data-id=\"d58ebd8\" data-element_type=\"widget\" data-settings=\"{&quot;_animation&quot;:&quot;fadeInUp&quot;}\" data-widget_type=\"heading.default\">\n\t\t\t\t<div class=\"elementor-widget-container\">\n\t\t\t<style>\/*! elementor - v3.21.0 - 26-05-2024 *\/\n.elementor-heading-title{padding:0;margin:0;line-height:1}.elementor-widget-heading .elementor-heading-title[class*=elementor-size-]>a{color:inherit;font-size:inherit;line-height:inherit}.elementor-widget-heading .elementor-heading-title.elementor-size-small{font-size:15px}.elementor-widget-heading .elementor-heading-title.elementor-size-medium{font-size:19px}.elementor-widget-heading .elementor-heading-title.elementor-size-large{font-size:29px}.elementor-widget-heading .elementor-heading-title.elementor-size-xl{font-size:39px}.elementor-widget-heading .elementor-heading-title.elementor-size-xxl{font-size:59px}<\/style><h2 class=\"elementor-heading-title elementor-size-default\">IMPRESSUM<\/h2>\t\t<\/div>\n\t\t\t\t<\/div>\n\t\t\t\t<div class=\"elementor-element elementor-element-a1323c6 elementor-invisible elementor-widget elementor-widget-text-editor\" data-id=\"a1323c6\" data-element_type=\"widget\" data-settings=\"{&quot;_animation&quot;:&quot;fadeInUp&quot;}\" data-widget_type=\"text-editor.default\">\n\t\t\t\t<div class=\"elementor-widget-container\">\n\t\t\t<style>\/*! elementor - v3.21.0 - 26-05-2024 *\/\n.elementor-widget-text-editor.elementor-drop-cap-view-stacked .elementor-drop-cap{background-color:#69727d;color:#fff}.elementor-widget-text-editor.elementor-drop-cap-view-framed .elementor-drop-cap{color:#69727d;border:3px solid;background-color:transparent}.elementor-widget-text-editor:not(.elementor-drop-cap-view-default) .elementor-drop-cap{margin-top:8px}.elementor-widget-text-editor:not(.elementor-drop-cap-view-default) .elementor-drop-cap-letter{width:1em;height:1em}.elementor-widget-text-editor .elementor-drop-cap{float:left;text-align:center;line-height:1;font-size:50px}.elementor-widget-text-editor .elementor-drop-cap-letter{display:inline-block}<\/style>\t\t\t\t<p>Alle auf dieser Website ver\u00f6ffentlichten Beitr\u00e4ge und Abbildungen sind urheberrechtlich gesch\u00fctzt. Jede vom Urheberrechtsgesetz nicht zugelassene Verwertung bedarf vorheriger schriftlicher Zustimmung. Dies gilt insbesondere f\u00fcr Vervielf\u00e4ltigung, Bearbeitung, \u00dcbersetzung, Einspeicherung, Verarbeitung bzw. Wiedergabe von Inhalten in Datenbanken oder anderen elektronischen Medien und Systemen.<\/p><p>Fotokopien und Downloads von Webseiten d\u00fcrfen nur f\u00fcr den pers\u00f6nlichen, privaten und nicht kommerziellen Gebrauch hergestellt werden. Der Anbieter \u00fcbernimmt keine Gew\u00e4hr f\u00fcr die Richtigkeit, Vollst\u00e4ndigkeit und Aktualit\u00e4t der bereitgestellten Informationen. Die Beitr\u00e4ge geben die Meinung des jeweiligen Autors wieder. Die Inhalte externer Links werden von uns nicht gepr\u00fcft. Sie unterliegen der Haftung der jeweiligen Anbieter.<\/p><p>SHED Estate AG<br \/><span style=\"font-size: inherit;\">Dammstrasse 16<br \/><\/span><span style=\"font-size: inherit;\">6300 Zug<\/span><br \/><a href=\"mailto:hello@shed.staging-gla-united.com\">hello@shed.staging-gla-united.com<\/a><br \/>T +41 41 726 26 00<\/p>\t\t\t\t\t\t<\/div>\n\t\t\t\t<\/div>\n\t\t\t\t<div class=\"elementor-element elementor-element-1339412 elementor-invisible elementor-widget elementor-widget-heading\" data-id=\"1339412\" data-element_type=\"widget\" data-settings=\"{&quot;_animation&quot;:&quot;fadeInUp&quot;}\" data-widget_type=\"heading.default\">\n\t\t\t\t<div class=\"elementor-widget-container\">\n\t\t\t<h2 class=\"elementor-heading-title elementor-size-default\">Realisation and Concept<br><\/h2>\t\t<\/div>\n\t\t\t\t<\/div>\n\t\t\t\t<div class=\"elementor-element elementor-element-24f428d elementor-invisible elementor-widget elementor-widget-text-editor\" data-id=\"24f428d\" data-element_type=\"widget\" data-settings=\"{&quot;_animation&quot;:&quot;fadeInUp&quot;}\" data-widget_type=\"text-editor.default\">\n\t\t\t\t<div class=\"elementor-widget-container\">\n\t\t\t\t\t\t\t<p>GLA United<br \/>Schochenm\u00fchlestrasse 6<br \/>6340 Baar<br \/><a href=\"http:\/\/www.gla-united.com\">www.gla-united.com<\/a>\u00a0<\/p>\t\t\t\t\t\t<\/div>\n\t\t\t\t<\/div>\n\t\t\t\t<div class=\"elementor-element elementor-element-6cba777 elementor-invisible elementor-widget elementor-widget-text-editor\" data-id=\"6cba777\" data-element_type=\"widget\" data-settings=\"{&quot;_animation&quot;:&quot;fadeInUp&quot;}\" data-widget_type=\"text-editor.default\">\n\t\t\t\t<div class=\"elementor-widget-container\">\n\t\t\t\t\t\t\t<p>JFDI<br \/><span style=\"letter-spacing: 0.1px;\">Hinterbergstrasse 32a<br \/><\/span><span style=\"letter-spacing: 0.1px;\">6312 Steinhausen<br \/><\/span><a href=\"http:\/\/www.jfdi.ch\"><span style=\"letter-spacing: 0.1px;\">www.jfdi.ch<\/span><\/a><\/p>\t\t\t\t\t\t<\/div>\n\t\t\t\t<\/div>\n\t\t\t\t<div class=\"elementor-element elementor-element-fa3cde6 elementor-invisible elementor-widget elementor-widget-heading\" data-id=\"fa3cde6\" data-element_type=\"widget\" data-settings=\"{&quot;_animation&quot;:&quot;fadeInUp&quot;}\" data-widget_type=\"heading.default\">\n\t\t\t\t<div class=\"elementor-widget-container\">\n\t\t\t<h2 class=\"elementor-heading-title elementor-size-default\">Pictures<\/h2>\t\t<\/div>\n\t\t\t\t<\/div>\n\t\t\t\t<div class=\"elementor-element elementor-element-433052f elementor-invisible elementor-widget elementor-widget-text-editor\" data-id=\"433052f\" data-element_type=\"widget\" data-settings=\"{&quot;_animation&quot;:&quot;fadeInUp&quot;}\" data-widget_type=\"text-editor.default\">\n\t\t\t\t<div class=\"elementor-widget-container\">\n\t\t\t\t\t\t\t<p>silent studio AG &amp; Martin Bissig<span style=\"letter-spacing: 0.1px;\"><br \/><\/span><\/p>\t\t\t\t\t\t<\/div>\n\t\t\t\t<\/div>\n\t\t\t\t\t<\/div>\n\t\t<\/div>\n\t\t\t\t\t<\/div>\n\t\t<\/section>\n\t\t\t\t<\/div>","protected":false},"excerpt":{"rendered":"","protected":false},"author":1,"featured_media":0,"parent":0,"menu_order":100,"comment_status":"closed","ping_status":"closed","template":"elementor_canvas","meta":{"inline_featured_image":false,"footnotes":""},"class_list":{"0":"post-1651","1":"page","2":"type-page","3":"status-publish","5":"no-featured-image-padding"},"acf":[],"yoast_head":"<!-- This site is optimized with the Yoast SEO plugin v22.8 - https:\/\/yoast.com\/wordpress\/plugins\/seo\/ -->\n<title>Imprint - SHED Zug<\/title>\n<meta name=\"robots\" content=\"noindex, follow, max-snippet:-1, max-image-preview:large, max-video-preview:-1\" \/>\n<meta property=\"og:locale\" content=\"de_DE\" \/>\n<meta property=\"og:type\" content=\"article\" \/>\n<meta property=\"og:title\" content=\"Imprint - SHED Zug\" \/>\n<meta property=\"og:url\" content=\"https:\/\/shed.staging-gla-united.com\/de\/imprint\/\" \/>\n<meta property=\"og:site_name\" content=\"SHED Zug\" \/>\n<meta property=\"article:modified_time\" content=\"2024-06-28T16:16:45+00:00\" \/>\n<meta name=\"twitter:card\" content=\"summary_large_image\" \/>\n<meta name=\"twitter:label1\" content=\"Gesch\u00e4tzte Lesezeit\" \/>\n\t<meta name=\"twitter:data1\" content=\"1\u00a0Minute\" \/>\n<script type=\"application\/ld+json\" class=\"yoast-schema-graph\">{\"@context\":\"https:\/\/schema.org\",\"@graph\":[{\"@type\":\"WebPage\",\"@id\":\"https:\/\/shed.staging-gla-united.com\/imprint\/\",\"url\":\"https:\/\/shed.staging-gla-united.com\/imprint\/\",\"name\":\"Imprint - SHED Zug\",\"isPartOf\":{\"@id\":\"https:\/\/shed.staging-gla-united.com\/#website\"},\"datePublished\":\"2022-02-21T12:34:36+00:00\",\"dateModified\":\"2024-06-28T16:16:45+00:00\",\"breadcrumb\":{\"@id\":\"https:\/\/shed.staging-gla-united.com\/imprint\/#breadcrumb\"},\"inLanguage\":\"de\",\"potentialAction\":[{\"@type\":\"ReadAction\",\"target\":[\"https:\/\/shed.staging-gla-united.com\/imprint\/\"]}]},{\"@type\":\"BreadcrumbList\",\"@id\":\"https:\/\/shed.staging-gla-united.com\/imprint\/#breadcrumb\",\"itemListElement\":[{\"@type\":\"ListItem\",\"position\":1,\"name\":\"Startseite\",\"item\":\"https:\/\/shed.staging-gla-united.com\/\"},{\"@type\":\"ListItem\",\"position\":2,\"name\":\"Imprint\"}]},{\"@type\":\"WebSite\",\"@id\":\"https:\/\/shed.staging-gla-united.com\/#website\",\"url\":\"https:\/\/shed.staging-gla-united.com\/\",\"name\":\"SHED Zug\",\"description\":\"\",\"potentialAction\":[{\"@type\":\"SearchAction\",\"target\":{\"@type\":\"EntryPoint\",\"urlTemplate\":\"https:\/\/shed.staging-gla-united.com\/?s={search_term_string}\"},\"query-input\":\"required name=search_term_string\"}],\"inLanguage\":\"de\"}]}<\/script>\n<!-- \/ Yoast SEO plugin. -->","yoast_head_json":{"title":"Imprint - SHED Zug","robots":{"index":"noindex","follow":"follow","max-snippet":"max-snippet:-1","max-image-preview":"max-image-preview:large","max-video-preview":"max-video-preview:-1"},"og_locale":"de_DE","og_type":"article","og_title":"Imprint - SHED Zug","og_url":"https:\/\/shed.staging-gla-united.com\/de\/imprint\/","og_site_name":"SHED Zug","article_modified_time":"2024-06-28T16:16:45+00:00","twitter_card":"summary_large_image","twitter_misc":{"Gesch\u00e4tzte Lesezeit":"1\u00a0Minute"},"schema":{"@context":"https:\/\/schema.org","@graph":[{"@type":"WebPage","@id":"https:\/\/shed.staging-gla-united.com\/imprint\/","url":"https:\/\/shed.staging-gla-united.com\/imprint\/","name":"Imprint - SHED Zug","isPartOf":{"@id":"https:\/\/shed.staging-gla-united.com\/#website"},"datePublished":"2022-02-21T12:34:36+00:00","dateModified":"2024-06-28T16:16:45+00:00","breadcrumb":{"@id":"https:\/\/shed.staging-gla-united.com\/imprint\/#breadcrumb"},"inLanguage":"de","potentialAction":[{"@type":"ReadAction","target":["https:\/\/shed.staging-gla-united.com\/imprint\/"]}]},{"@type":"BreadcrumbList","@id":"https:\/\/shed.staging-gla-united.com\/imprint\/#breadcrumb","itemListElement":[{"@type":"ListItem","position":1,"name":"Startseite","item":"https:\/\/shed.staging-gla-united.com\/"},{"@type":"ListItem","position":2,"name":"Imprint"}]},{"@type":"WebSite","@id":"https:\/\/shed.staging-gla-united.com\/#website","url":"https:\/\/shed.staging-gla-united.com\/","name":"SHED Zug","description":"","potentialAction":[{"@type":"SearchAction","target":{"@type":"EntryPoint","urlTemplate":"https:\/\/shed.staging-gla-united.com\/?s={search_term_string}"},"query-input":"required name=search_term_string"}],"inLanguage":"de"}]}},"_links":{"self":[{"href":"https:\/\/shed.staging-gla-united.com\/de\/wp-json\/wp\/v2\/pages\/1651","targetHints":{"allow":["GET"]}}],"collection":[{"href":"https:\/\/shed.staging-gla-united.com\/de\/wp-json\/wp\/v2\/pages"}],"about":[{"href":"https:\/\/shed.staging-gla-united.com\/de\/wp-json\/wp\/v2\/types\/page"}],"author":[{"embeddable":true,"href":"https:\/\/shed.staging-gla-united.com\/de\/wp-json\/wp\/v2\/users\/1"}],"replies":[{"embeddable":true,"href":"https:\/\/shed.staging-gla-united.com\/de\/wp-json\/wp\/v2\/comments?post=1651"}],"version-history":[{"count":19,"href":"https:\/\/shed.staging-gla-united.com\/de\/wp-json\/wp\/v2\/pages\/1651\/revisions"}],"predecessor-version":[{"id":6745,"href":"https:\/\/shed.staging-gla-united.com\/de\/wp-json\/wp\/v2\/pages\/1651\/revisions\/6745"}],"wp:attachment":[{"href":"https:\/\/shed.staging-gla-united.com\/de\/wp-json\/wp\/v2\/media?parent=1651"}],"curies":[{"name":"wp","href":"https:\/\/api.w.org\/{rel}","templated":true}]}}