{"id":1146,"date":"2022-02-17T00:54:50","date_gmt":"2022-02-16T23:54:50","guid":{"rendered":"https:\/\/shedzug.digitalwerk.org\/?page_id=1146"},"modified":"2024-05-25T15:38:38","modified_gmt":"2024-05-25T13:38:38","slug":"wine","status":"publish","type":"page","link":"https:\/\/shed.staging-gla-united.com\/de\/wine\/","title":{"rendered":"SHED.Wine"},"content":{"rendered":"<div data-elementor-type=\"wp-page\" data-elementor-id=\"1146\" class=\"elementor elementor-1146\" data-elementor-post-type=\"page\">\n\t\t\t\t\t\t<section class=\"elementor-section elementor-top-section elementor-element elementor-element-ad40a9f elementor-section-height-min-height animated-fast elementor-section-boxed elementor-section-height-default elementor-section-items-middle elementor-invisible\" data-id=\"ad40a9f\" data-element_type=\"section\" data-settings=\"{&quot;background_background&quot;:&quot;classic&quot;,&quot;animation&quot;:&quot;slideInUp&quot;}\">\n\t\t\t\t\t\t\t<div class=\"elementor-background-overlay\"><\/div>\n\t\t\t\t\t\t\t<div class=\"elementor-container elementor-column-gap-default\">\n\t\t\t\t\t<div class=\"elementor-column elementor-col-100 elementor-top-column elementor-element elementor-element-9688ab9 animated-fast elementor-invisible\" data-id=\"9688ab9\" data-element_type=\"column\" data-settings=\"{&quot;animation&quot;:&quot;fadeInDown&quot;}\">\n\t\t\t<div class=\"elementor-widget-wrap elementor-element-populated\">\n\t\t\t\t\t\t<div class=\"elementor-element elementor-element-8d43087 elementor-widget elementor-widget-image\" data-id=\"8d43087\" data-element_type=\"widget\" data-widget_type=\"image.default\">\n\t\t\t\t<div class=\"elementor-widget-container\">\n\t\t\t<style>\/*! elementor - v3.21.0 - 26-05-2024 *\/\n.elementor-widget-image{text-align:center}.elementor-widget-image a{display:inline-block}.elementor-widget-image a img[src$=\".svg\"]{width:48px}.elementor-widget-image img{vertical-align:middle;display:inline-block}<\/style>\t\t\t\t\t\t\t\t\t\t<img fetchpriority=\"high\" decoding=\"async\" width=\"300\" height=\"300\" src=\"https:\/\/shed.staging-gla-united.com\/wp-content\/uploads\/2022\/02\/WINE-1-1.svg\" class=\"attachment-medium size-medium wp-image-1979\" alt=\"\" \/>\t\t\t\t\t\t\t\t\t\t\t\t\t<\/div>\n\t\t\t\t<\/div>\n\t\t\t\t\t<\/div>\n\t\t<\/div>\n\t\t\t\t\t<\/div>\n\t\t<\/section>\n\t\t\t\t<section class=\"elementor-section elementor-top-section elementor-element elementor-element-aab305e elementor-section-boxed elementor-section-height-default elementor-section-height-default\" data-id=\"aab305e\" data-element_type=\"section\" data-settings=\"{&quot;background_background&quot;:&quot;classic&quot;}\">\n\t\t\t\t\t\t<div class=\"elementor-container elementor-column-gap-default\">\n\t\t\t\t\t<div class=\"elementor-column elementor-col-100 elementor-top-column elementor-element elementor-element-ed0337a\" data-id=\"ed0337a\" data-element_type=\"column\">\n\t\t\t<div class=\"elementor-widget-wrap elementor-element-populated\">\n\t\t\t\t\t\t<div class=\"elementor-element elementor-element-d58ebd8 elementor-invisible elementor-widget elementor-widget-heading\" data-id=\"d58ebd8\" data-element_type=\"widget\" data-settings=\"{&quot;_animation&quot;:&quot;fadeInUp&quot;}\" data-widget_type=\"heading.default\">\n\t\t\t\t<div class=\"elementor-widget-container\">\n\t\t\t<style>\/*! elementor - v3.21.0 - 26-05-2024 *\/\n.elementor-heading-title{padding:0;margin:0;line-height:1}.elementor-widget-heading .elementor-heading-title[class*=elementor-size-]>a{color:inherit;font-size:inherit;line-height:inherit}.elementor-widget-heading .elementor-heading-title.elementor-size-small{font-size:15px}.elementor-widget-heading .elementor-heading-title.elementor-size-medium{font-size:19px}.elementor-widget-heading .elementor-heading-title.elementor-size-large{font-size:29px}.elementor-widget-heading .elementor-heading-title.elementor-size-xl{font-size:39px}.elementor-widget-heading .elementor-heading-title.elementor-size-xxl{font-size:59px}<\/style><h2 class=\"elementor-heading-title elementor-size-default\"><span style=\"color: #927232;\">SHED.WINE - \u00d6ffentlicher Bereich<\/span><\/h2>\t\t<\/div>\n\t\t\t\t<\/div>\n\t\t\t\t<div class=\"elementor-element elementor-element-a1323c6 elementor-invisible elementor-widget elementor-widget-text-editor\" data-id=\"a1323c6\" data-element_type=\"widget\" data-settings=\"{&quot;_animation&quot;:&quot;fadeInUp&quot;}\" data-widget_type=\"text-editor.default\">\n\t\t\t\t<div class=\"elementor-widget-container\">\n\t\t\t<style>\/*! elementor - v3.21.0 - 26-05-2024 *\/\n.elementor-widget-text-editor.elementor-drop-cap-view-stacked .elementor-drop-cap{background-color:#69727d;color:#fff}.elementor-widget-text-editor.elementor-drop-cap-view-framed .elementor-drop-cap{color:#69727d;border:3px solid;background-color:transparent}.elementor-widget-text-editor:not(.elementor-drop-cap-view-default) .elementor-drop-cap{margin-top:8px}.elementor-widget-text-editor:not(.elementor-drop-cap-view-default) .elementor-drop-cap-letter{width:1em;height:1em}.elementor-widget-text-editor .elementor-drop-cap{float:left;text-align:center;line-height:1;font-size:50px}.elementor-widget-text-editor .elementor-drop-cap-letter{display:inline-block}<\/style>\t\t\t\t<p>Besuche uns im SHED.WINE, einer einzigartigen Erlebnis-Location. Wir haben uns mit Albert, bereits im House of Wines, verkn\u00fcpft. Im SHED.Wine gibt es eine erstklassige Auswahl an edlen Jahrg\u00e4ngen, sowie grossartige Entdeckungen. Sehr gern stehen dir Albert &amp; Rafael f\u00fcr jegliche Beratung zur Seite.<\/p>\t\t\t\t\t\t<\/div>\n\t\t\t\t<\/div>\n\t\t\t\t<div class=\"elementor-element elementor-element-e0880d0 elementor-align-center elementor-widget elementor-widget-button\" data-id=\"e0880d0\" data-element_type=\"widget\" data-widget_type=\"button.default\">\n\t\t\t\t<div class=\"elementor-widget-container\">\n\t\t\t\t\t<div class=\"elementor-button-wrapper\">\n\t\t\t<a class=\"elementor-button elementor-button-link elementor-size-md\" href=\"https:\/\/www.shedwine.ch\/\" target=\"_blank\">\n\t\t\t\t\t\t<span class=\"elementor-button-content-wrapper\">\n\t\t\t\t\t\t\t\t\t<span class=\"elementor-button-text\">ONLINE SHOP<\/span>\n\t\t\t\t\t<\/span>\n\t\t\t\t\t<\/a>\n\t\t<\/div>\n\t\t\t\t<\/div>\n\t\t\t\t<\/div>\n\t\t\t\t\t<\/div>\n\t\t<\/div>\n\t\t\t\t\t<\/div>\n\t\t<\/section>\n\t\t\t\t<section class=\"elementor-section elementor-top-section elementor-element elementor-element-e6325c8 elementor-section-full_width elementor-hidden-desktop elementor-hidden-tablet elementor-hidden-mobile elementor-section-height-default elementor-section-height-default\" data-id=\"e6325c8\" data-element_type=\"section\" data-settings=\"{&quot;background_background&quot;:&quot;classic&quot;}\">\n\t\t\t\t\t\t\t<div class=\"elementor-background-overlay\"><\/div>\n\t\t\t\t\t\t\t<div class=\"elementor-container elementor-column-gap-default\">\n\t\t\t\t\t<div class=\"elementor-column elementor-col-50 elementor-top-column elementor-element elementor-element-3ea09b4\" data-id=\"3ea09b4\" data-element_type=\"column\">\n\t\t\t<div class=\"elementor-widget-wrap\">\n\t\t\t\t\t\t\t<\/div>\n\t\t<\/div>\n\t\t\t\t<div class=\"elementor-column elementor-col-50 elementor-top-column elementor-element elementor-element-7a1a714 elementor-invisible\" data-id=\"7a1a714\" data-element_type=\"column\" data-settings=\"{&quot;background_background&quot;:&quot;classic&quot;,&quot;animation&quot;:&quot;fadeInRight&quot;}\">\n\t\t\t<div class=\"elementor-widget-wrap elementor-element-populated\">\n\t\t\t\t\t\t<div class=\"elementor-element elementor-element-b80050d elementor-widget elementor-widget-heading\" data-id=\"b80050d\" data-element_type=\"widget\" data-widget_type=\"heading.default\">\n\t\t\t\t<div class=\"elementor-widget-container\">\n\t\t\t<h2 class=\"elementor-heading-title elementor-size-default\"><span style=\"color: #927232;\">HOUSE OF WINES <br\/> BECOMES SHED WINE<\/span><\/h2>\t\t<\/div>\n\t\t\t\t<\/div>\n\t\t\t\t<div class=\"elementor-element elementor-element-bce35a4 elementor-widget elementor-widget-text-editor\" data-id=\"bce35a4\" data-element_type=\"widget\" data-widget_type=\"text-editor.default\">\n\t\t\t\t<div class=\"elementor-widget-container\">\n\t\t\t\t\t\t\t<p>We\u2019ve partnered with the House of Wines to present a first-class selection of noble vintages.<\/p>\t\t\t\t\t\t<\/div>\n\t\t\t\t<\/div>\n\t\t\t\t\t<\/div>\n\t\t<\/div>\n\t\t\t\t\t<\/div>\n\t\t<\/section>\n\t\t\t\t<section class=\"elementor-section elementor-top-section elementor-element elementor-element-0269d0d elementor-section-full_width elementor-section-height-default elementor-section-height-default\" data-id=\"0269d0d\" data-element_type=\"section\" data-settings=\"{&quot;background_background&quot;:&quot;classic&quot;}\">\n\t\t\t\t\t\t\t<div class=\"elementor-background-overlay\"><\/div>\n\t\t\t\t\t\t\t<div class=\"elementor-container elementor-column-gap-default\">\n\t\t\t\t\t<div class=\"elementor-column elementor-col-50 elementor-top-column elementor-element elementor-element-8c4fd90 elementor-invisible\" data-id=\"8c4fd90\" data-element_type=\"column\" data-settings=\"{&quot;background_background&quot;:&quot;classic&quot;,&quot;animation&quot;:&quot;fadeInLeft&quot;}\">\n\t\t\t<div class=\"elementor-widget-wrap elementor-element-populated\">\n\t\t\t\t\t\t<div class=\"elementor-element elementor-element-46958c4 elementor-widget elementor-widget-heading\" data-id=\"46958c4\" data-element_type=\"widget\" data-widget_type=\"heading.default\">\n\t\t\t\t<div class=\"elementor-widget-container\">\n\t\t\t<h2 class=\"elementor-heading-title elementor-size-default\"><span style=\"color: #927232;\">EINE ERSTKLASSIGE AUSWAHL AN EDLEN WEINEN UND SPIRITUOSEN<\/span><\/h2>\t\t<\/div>\n\t\t\t\t<\/div>\n\t\t\t\t<div class=\"elementor-element elementor-element-6386115 elementor-widget elementor-widget-text-editor\" data-id=\"6386115\" data-element_type=\"widget\" data-widget_type=\"text-editor.default\">\n\t\t\t\t<div class=\"elementor-widget-container\">\n\t\t\t\t\t\t\t<p>Lass dich von der grossen Auswahl an internationalen Weinen im SHED faszinieren. Mit \u00fcber 1200 Weinen hat SHED.Wein sich in Zug einen Namen gemacht. Gerne begr\u00fcssen wir dich vor Ort im Shop oder online.<\/p>\t\t\t\t\t\t<\/div>\n\t\t\t\t<\/div>\n\t\t\t\t<div class=\"elementor-element elementor-element-3b453ea elementor-align-left elementor-widget elementor-widget-button\" data-id=\"3b453ea\" data-element_type=\"widget\" data-widget_type=\"button.default\">\n\t\t\t\t<div class=\"elementor-widget-container\">\n\t\t\t\t\t<div class=\"elementor-button-wrapper\">\n\t\t\t<a class=\"elementor-button elementor-button-link elementor-size-md\" href=\"https:\/\/www.shedwine.ch\/\" target=\"_blank\">\n\t\t\t\t\t\t<span class=\"elementor-button-content-wrapper\">\n\t\t\t\t\t\t\t\t\t<span class=\"elementor-button-text\">JETZT EINKAUFEN<\/span>\n\t\t\t\t\t<\/span>\n\t\t\t\t\t<\/a>\n\t\t<\/div>\n\t\t\t\t<\/div>\n\t\t\t\t<\/div>\n\t\t\t\t\t<\/div>\n\t\t<\/div>\n\t\t\t\t<div class=\"elementor-column elementor-col-50 elementor-top-column elementor-element elementor-element-c08decf\" data-id=\"c08decf\" data-element_type=\"column\">\n\t\t\t<div class=\"elementor-widget-wrap\">\n\t\t\t\t\t\t\t<\/div>\n\t\t<\/div>\n\t\t\t\t\t<\/div>\n\t\t<\/section>\n\t\t\t\t<section class=\"elementor-section elementor-top-section elementor-element elementor-element-a55e048 elementor-section-full_width elementor-section-height-default elementor-section-height-default\" data-id=\"a55e048\" data-element_type=\"section\" data-settings=\"{&quot;background_background&quot;:&quot;classic&quot;}\">\n\t\t\t\t\t\t\t<div class=\"elementor-background-overlay\"><\/div>\n\t\t\t\t\t\t\t<div class=\"elementor-container elementor-column-gap-default\">\n\t\t\t\t\t<div class=\"elementor-column elementor-col-50 elementor-top-column elementor-element elementor-element-e0d1421\" data-id=\"e0d1421\" data-element_type=\"column\">\n\t\t\t<div class=\"elementor-widget-wrap\">\n\t\t\t\t\t\t\t<\/div>\n\t\t<\/div>\n\t\t\t\t<div class=\"elementor-column elementor-col-50 elementor-top-column elementor-element elementor-element-f92ef37 elementor-invisible\" data-id=\"f92ef37\" data-element_type=\"column\" data-settings=\"{&quot;background_background&quot;:&quot;classic&quot;,&quot;animation&quot;:&quot;fadeInRight&quot;}\">\n\t\t\t<div class=\"elementor-widget-wrap elementor-element-populated\">\n\t\t\t\t\t\t<div class=\"elementor-element elementor-element-23b07e7 elementor-widget elementor-widget-heading\" data-id=\"23b07e7\" data-element_type=\"widget\" data-widget_type=\"heading.default\">\n\t\t\t\t<div class=\"elementor-widget-container\">\n\t\t\t<h2 class=\"elementor-heading-title elementor-size-default\"><span style=\"color: #927232;\">WEINPROBE ODER EIN EXKLUSIVES WINE&amp;DINE?<\/span><\/h2>\t\t<\/div>\n\t\t\t\t<\/div>\n\t\t\t\t<div class=\"elementor-element elementor-element-37ba69d elementor-widget elementor-widget-text-editor\" data-id=\"37ba69d\" data-element_type=\"widget\" data-widget_type=\"text-editor.default\">\n\t\t\t\t<div class=\"elementor-widget-container\">\n\t\t\t\t\t\t\t<p>Wir bieten dir die Gelegenheit, neue Weine zu probieren und dein Weinwissen zu erweitern. In einer authentischen Umgebung kannst du zusammen mit Albert und Konstantin neue Weinregionen und Variationen entdecken. Dies kann mit einem einzigartigen kulinarischen Erlebnis kombiniert werden. Lade deine Freunde, Familie oder Gesch\u00e4ftskollegen ein.<\/p>\t\t\t\t\t\t<\/div>\n\t\t\t\t<\/div>\n\t\t\t\t<div class=\"elementor-element elementor-element-8e7eefa elementor-align-left elementor-mobile-align-justify elementor-widget elementor-widget-button\" data-id=\"8e7eefa\" data-element_type=\"widget\" data-widget_type=\"button.default\">\n\t\t\t\t<div class=\"elementor-widget-container\">\n\t\t\t\t\t<div class=\"elementor-button-wrapper\">\n\t\t\t<a class=\"elementor-button elementor-button-link elementor-size-md\" href=\"mailto:hello@shed.staging-gla-united.com\" target=\"_blank\">\n\t\t\t\t\t\t<span class=\"elementor-button-content-wrapper\">\n\t\t\t\t\t\t\t\t\t<span class=\"elementor-button-text\">ANFRAGEN<\/span>\n\t\t\t\t\t<\/span>\n\t\t\t\t\t<\/a>\n\t\t<\/div>\n\t\t\t\t<\/div>\n\t\t\t\t<\/div>\n\t\t\t\t\t<\/div>\n\t\t<\/div>\n\t\t\t\t\t<\/div>\n\t\t<\/section>\n\t\t\t\t<\/div>","protected":false},"excerpt":{"rendered":"","protected":false},"author":1,"featured_media":0,"parent":0,"menu_order":17,"comment_status":"closed","ping_status":"closed","template":"elementor_canvas","meta":{"inline_featured_image":false,"footnotes":""},"class_list":{"0":"post-1146","1":"page","2":"type-page","3":"status-publish","5":"no-featured-image-padding"},"acf":[],"yoast_head":"<!-- This site is optimized with the Yoast SEO plugin v22.8 - https:\/\/yoast.com\/wordpress\/plugins\/seo\/ -->\n<title>SHED.Wine - SHED Zug<\/title>\n<meta name=\"robots\" content=\"noindex, follow, max-snippet:-1, max-image-preview:large, max-video-preview:-1\" \/>\n<meta property=\"og:locale\" content=\"de_DE\" \/>\n<meta property=\"og:type\" content=\"article\" \/>\n<meta property=\"og:title\" content=\"SHED.Wine - SHED Zug\" \/>\n<meta property=\"og:url\" content=\"https:\/\/shed.staging-gla-united.com\/de\/wine\/\" \/>\n<meta property=\"og:site_name\" content=\"SHED Zug\" \/>\n<meta property=\"article:modified_time\" content=\"2024-05-25T13:38:38+00:00\" \/>\n<meta property=\"og:image\" content=\"https:\/\/shed.staging-gla-united.com\/wp-content\/uploads\/2022\/02\/WINE-1-1.svg\" \/>\n<meta name=\"twitter:card\" content=\"summary_large_image\" \/>\n<meta name=\"twitter:label1\" content=\"Gesch\u00e4tzte Lesezeit\" \/>\n\t<meta name=\"twitter:data1\" content=\"2\u00a0Minuten\" \/>\n<script type=\"application\/ld+json\" class=\"yoast-schema-graph\">{\"@context\":\"https:\/\/schema.org\",\"@graph\":[{\"@type\":\"WebPage\",\"@id\":\"https:\/\/shed.staging-gla-united.com\/wine\/\",\"url\":\"https:\/\/shed.staging-gla-united.com\/wine\/\",\"name\":\"SHED.Wine - SHED Zug\",\"isPartOf\":{\"@id\":\"https:\/\/shed.staging-gla-united.com\/#website\"},\"primaryImageOfPage\":{\"@id\":\"https:\/\/shed.staging-gla-united.com\/wine\/#primaryimage\"},\"image\":{\"@id\":\"https:\/\/shed.staging-gla-united.com\/wine\/#primaryimage\"},\"thumbnailUrl\":\"https:\/\/shed.staging-gla-united.com\/wp-content\/uploads\/2022\/02\/WINE-1-1.svg\",\"datePublished\":\"2022-02-16T23:54:50+00:00\",\"dateModified\":\"2024-05-25T13:38:38+00:00\",\"breadcrumb\":{\"@id\":\"https:\/\/shed.staging-gla-united.com\/wine\/#breadcrumb\"},\"inLanguage\":\"de\",\"potentialAction\":[{\"@type\":\"ReadAction\",\"target\":[\"https:\/\/shed.staging-gla-united.com\/wine\/\"]}]},{\"@type\":\"ImageObject\",\"inLanguage\":\"de\",\"@id\":\"https:\/\/shed.staging-gla-united.com\/wine\/#primaryimage\",\"url\":\"https:\/\/shed.staging-gla-united.com\/wp-content\/uploads\/2022\/02\/WINE-1-1.svg\",\"contentUrl\":\"https:\/\/shed.staging-gla-united.com\/wp-content\/uploads\/2022\/02\/WINE-1-1.svg\"},{\"@type\":\"BreadcrumbList\",\"@id\":\"https:\/\/shed.staging-gla-united.com\/wine\/#breadcrumb\",\"itemListElement\":[{\"@type\":\"ListItem\",\"position\":1,\"name\":\"Startseite\",\"item\":\"https:\/\/shed.staging-gla-united.com\/\"},{\"@type\":\"ListItem\",\"position\":2,\"name\":\"SHED.Wine\"}]},{\"@type\":\"WebSite\",\"@id\":\"https:\/\/shed.staging-gla-united.com\/#website\",\"url\":\"https:\/\/shed.staging-gla-united.com\/\",\"name\":\"SHED Zug\",\"description\":\"\",\"potentialAction\":[{\"@type\":\"SearchAction\",\"target\":{\"@type\":\"EntryPoint\",\"urlTemplate\":\"https:\/\/shed.staging-gla-united.com\/?s={search_term_string}\"},\"query-input\":\"required name=search_term_string\"}],\"inLanguage\":\"de\"}]}<\/script>\n<!-- \/ Yoast SEO plugin. -->","yoast_head_json":{"title":"SHED.Wine - SHED Zug","robots":{"index":"noindex","follow":"follow","max-snippet":"max-snippet:-1","max-image-preview":"max-image-preview:large","max-video-preview":"max-video-preview:-1"},"og_locale":"de_DE","og_type":"article","og_title":"SHED.Wine - SHED Zug","og_url":"https:\/\/shed.staging-gla-united.com\/de\/wine\/","og_site_name":"SHED Zug","article_modified_time":"2024-05-25T13:38:38+00:00","og_image":[{"url":"https:\/\/shed.staging-gla-united.com\/wp-content\/uploads\/2022\/02\/WINE-1-1.svg"}],"twitter_card":"summary_large_image","twitter_misc":{"Gesch\u00e4tzte Lesezeit":"2\u00a0Minuten"},"schema":{"@context":"https:\/\/schema.org","@graph":[{"@type":"WebPage","@id":"https:\/\/shed.staging-gla-united.com\/wine\/","url":"https:\/\/shed.staging-gla-united.com\/wine\/","name":"SHED.Wine - SHED Zug","isPartOf":{"@id":"https:\/\/shed.staging-gla-united.com\/#website"},"primaryImageOfPage":{"@id":"https:\/\/shed.staging-gla-united.com\/wine\/#primaryimage"},"image":{"@id":"https:\/\/shed.staging-gla-united.com\/wine\/#primaryimage"},"thumbnailUrl":"https:\/\/shed.staging-gla-united.com\/wp-content\/uploads\/2022\/02\/WINE-1-1.svg","datePublished":"2022-02-16T23:54:50+00:00","dateModified":"2024-05-25T13:38:38+00:00","breadcrumb":{"@id":"https:\/\/shed.staging-gla-united.com\/wine\/#breadcrumb"},"inLanguage":"de","potentialAction":[{"@type":"ReadAction","target":["https:\/\/shed.staging-gla-united.com\/wine\/"]}]},{"@type":"ImageObject","inLanguage":"de","@id":"https:\/\/shed.staging-gla-united.com\/wine\/#primaryimage","url":"https:\/\/shed.staging-gla-united.com\/wp-content\/uploads\/2022\/02\/WINE-1-1.svg","contentUrl":"https:\/\/shed.staging-gla-united.com\/wp-content\/uploads\/2022\/02\/WINE-1-1.svg"},{"@type":"BreadcrumbList","@id":"https:\/\/shed.staging-gla-united.com\/wine\/#breadcrumb","itemListElement":[{"@type":"ListItem","position":1,"name":"Startseite","item":"https:\/\/shed.staging-gla-united.com\/"},{"@type":"ListItem","position":2,"name":"SHED.Wine"}]},{"@type":"WebSite","@id":"https:\/\/shed.staging-gla-united.com\/#website","url":"https:\/\/shed.staging-gla-united.com\/","name":"SHED Zug","description":"","potentialAction":[{"@type":"SearchAction","target":{"@type":"EntryPoint","urlTemplate":"https:\/\/shed.staging-gla-united.com\/?s={search_term_string}"},"query-input":"required name=search_term_string"}],"inLanguage":"de"}]}},"_links":{"self":[{"href":"https:\/\/shed.staging-gla-united.com\/de\/wp-json\/wp\/v2\/pages\/1146","targetHints":{"allow":["GET"]}}],"collection":[{"href":"https:\/\/shed.staging-gla-united.com\/de\/wp-json\/wp\/v2\/pages"}],"about":[{"href":"https:\/\/shed.staging-gla-united.com\/de\/wp-json\/wp\/v2\/types\/page"}],"author":[{"embeddable":true,"href":"https:\/\/shed.staging-gla-united.com\/de\/wp-json\/wp\/v2\/users\/1"}],"replies":[{"embeddable":true,"href":"https:\/\/shed.staging-gla-united.com\/de\/wp-json\/wp\/v2\/comments?post=1146"}],"version-history":[{"count":10,"href":"https:\/\/shed.staging-gla-united.com\/de\/wp-json\/wp\/v2\/pages\/1146\/revisions"}],"predecessor-version":[{"id":3897,"href":"https:\/\/shed.staging-gla-united.com\/de\/wp-json\/wp\/v2\/pages\/1146\/revisions\/3897"}],"wp:attachment":[{"href":"https:\/\/shed.staging-gla-united.com\/de\/wp-json\/wp\/v2\/media?parent=1146"}],"curies":[{"name":"wp","href":"https:\/\/api.w.org\/{rel}","templated":true}]}}