{"id":1056,"date":"2022-02-16T23:51:56","date_gmt":"2022-02-16T22:51:56","guid":{"rendered":"https:\/\/shedzug.digitalwerk.org\/?page_id=1056"},"modified":"2024-05-25T15:35:56","modified_gmt":"2024-05-25T13:35:56","slug":"bar","status":"publish","type":"page","link":"https:\/\/shed.staging-gla-united.com\/de\/bar\/","title":{"rendered":"SHED.Bar"},"content":{"rendered":"<div data-elementor-type=\"wp-page\" data-elementor-id=\"1056\" class=\"elementor elementor-1056\" data-elementor-post-type=\"page\">\n\t\t\t\t\t\t<section class=\"elementor-section elementor-top-section elementor-element elementor-element-ad40a9f elementor-section-height-min-height animated-fast elementor-section-boxed elementor-section-height-default elementor-section-items-middle elementor-invisible\" data-id=\"ad40a9f\" data-element_type=\"section\" data-settings=\"{&quot;background_background&quot;:&quot;classic&quot;,&quot;animation&quot;:&quot;slideInUp&quot;}\">\n\t\t\t\t\t\t\t<div class=\"elementor-background-overlay\"><\/div>\n\t\t\t\t\t\t\t<div class=\"elementor-container elementor-column-gap-default\">\n\t\t\t\t\t<div class=\"elementor-column elementor-col-100 elementor-top-column elementor-element elementor-element-9688ab9 animated-fast elementor-invisible\" data-id=\"9688ab9\" data-element_type=\"column\" data-settings=\"{&quot;animation&quot;:&quot;fadeInDown&quot;}\">\n\t\t\t<div class=\"elementor-widget-wrap elementor-element-populated\">\n\t\t\t\t\t\t<div class=\"elementor-element elementor-element-4bf4d61 elementor-widget elementor-widget-image\" data-id=\"4bf4d61\" data-element_type=\"widget\" data-widget_type=\"image.default\">\n\t\t\t\t<div class=\"elementor-widget-container\">\n\t\t\t<style>\/*! elementor - v3.21.0 - 26-05-2024 *\/\n.elementor-widget-image{text-align:center}.elementor-widget-image a{display:inline-block}.elementor-widget-image a img[src$=\".svg\"]{width:48px}.elementor-widget-image img{vertical-align:middle;display:inline-block}<\/style>\t\t\t\t\t\t\t\t\t\t<img fetchpriority=\"high\" decoding=\"async\" width=\"300\" height=\"300\" src=\"https:\/\/shed.staging-gla-united.com\/wp-content\/uploads\/2022\/02\/BAR-1.svg\" class=\"attachment-medium size-medium wp-image-1975\" alt=\"\" \/>\t\t\t\t\t\t\t\t\t\t\t\t\t<\/div>\n\t\t\t\t<\/div>\n\t\t\t\t\t<\/div>\n\t\t<\/div>\n\t\t\t\t\t<\/div>\n\t\t<\/section>\n\t\t\t\t<section class=\"elementor-section elementor-top-section elementor-element elementor-element-aab305e elementor-section-boxed elementor-section-height-default elementor-section-height-default\" data-id=\"aab305e\" data-element_type=\"section\" data-settings=\"{&quot;background_background&quot;:&quot;classic&quot;}\">\n\t\t\t\t\t\t<div class=\"elementor-container elementor-column-gap-default\">\n\t\t\t\t\t<div class=\"elementor-column elementor-col-100 elementor-top-column elementor-element elementor-element-ed0337a\" data-id=\"ed0337a\" data-element_type=\"column\">\n\t\t\t<div class=\"elementor-widget-wrap elementor-element-populated\">\n\t\t\t\t\t\t<div class=\"elementor-element elementor-element-d58ebd8 elementor-invisible elementor-widget elementor-widget-heading\" data-id=\"d58ebd8\" data-element_type=\"widget\" data-settings=\"{&quot;_animation&quot;:&quot;fadeInUp&quot;}\" data-widget_type=\"heading.default\">\n\t\t\t\t<div class=\"elementor-widget-container\">\n\t\t\t<style>\/*! elementor - v3.21.0 - 26-05-2024 *\/\n.elementor-heading-title{padding:0;margin:0;line-height:1}.elementor-widget-heading .elementor-heading-title[class*=elementor-size-]>a{color:inherit;font-size:inherit;line-height:inherit}.elementor-widget-heading .elementor-heading-title.elementor-size-small{font-size:15px}.elementor-widget-heading .elementor-heading-title.elementor-size-medium{font-size:19px}.elementor-widget-heading .elementor-heading-title.elementor-size-large{font-size:29px}.elementor-widget-heading .elementor-heading-title.elementor-size-xl{font-size:39px}.elementor-widget-heading .elementor-heading-title.elementor-size-xxl{font-size:59px}<\/style><h2 class=\"elementor-heading-title elementor-size-default\"><span style=\"color: #927232;\">SHED.BAR - Mitgliederbereich<\/span> <\/h2>\t\t<\/div>\n\t\t\t\t<\/div>\n\t\t\t\t<div class=\"elementor-element elementor-element-a1323c6 elementor-invisible elementor-widget elementor-widget-text-editor\" data-id=\"a1323c6\" data-element_type=\"widget\" data-settings=\"{&quot;_animation&quot;:&quot;fadeInUp&quot;}\" data-widget_type=\"text-editor.default\">\n\t\t\t\t<div class=\"elementor-widget-container\">\n\t\t\t<style>\/*! elementor - v3.21.0 - 26-05-2024 *\/\n.elementor-widget-text-editor.elementor-drop-cap-view-stacked .elementor-drop-cap{background-color:#69727d;color:#fff}.elementor-widget-text-editor.elementor-drop-cap-view-framed .elementor-drop-cap{color:#69727d;border:3px solid;background-color:transparent}.elementor-widget-text-editor:not(.elementor-drop-cap-view-default) .elementor-drop-cap{margin-top:8px}.elementor-widget-text-editor:not(.elementor-drop-cap-view-default) .elementor-drop-cap-letter{width:1em;height:1em}.elementor-widget-text-editor .elementor-drop-cap{float:left;text-align:center;line-height:1;font-size:50px}.elementor-widget-text-editor .elementor-drop-cap-letter{display:inline-block}<\/style>\t\t\t\t<p>Sp\u00fcre, wie der Beat f\u00e4llt, w\u00e4hrend du dich an der SHED.Bar entspannst.<\/p><p>Die lebendige und einzigartige Umgebung ist perfekt f\u00fcr After-Work-Drinks, Networking mit Freunden oder gleichgesinnten Gesch\u00e4ftsleuten. Sp\u00fcre den Groove und genie\u00dfe den Abend.<\/p>\t\t\t\t\t\t<\/div>\n\t\t\t\t<\/div>\n\t\t\t\t\t<\/div>\n\t\t<\/div>\n\t\t\t\t\t<\/div>\n\t\t<\/section>\n\t\t\t\t<section class=\"elementor-section elementor-top-section elementor-element elementor-element-30d22e0 elementor-section-full_width elementor-section-height-default elementor-section-height-default\" data-id=\"30d22e0\" data-element_type=\"section\" data-settings=\"{&quot;background_background&quot;:&quot;classic&quot;}\">\n\t\t\t\t\t\t\t<div class=\"elementor-background-overlay\"><\/div>\n\t\t\t\t\t\t\t<div class=\"elementor-container elementor-column-gap-default\">\n\t\t\t\t\t<div class=\"elementor-column elementor-col-50 elementor-top-column elementor-element elementor-element-ba51971\" data-id=\"ba51971\" data-element_type=\"column\">\n\t\t\t<div class=\"elementor-widget-wrap\">\n\t\t\t\t\t\t\t<\/div>\n\t\t<\/div>\n\t\t\t\t<div class=\"elementor-column elementor-col-50 elementor-top-column elementor-element elementor-element-25b4c75 elementor-invisible\" data-id=\"25b4c75\" data-element_type=\"column\" data-settings=\"{&quot;background_background&quot;:&quot;classic&quot;,&quot;animation&quot;:&quot;fadeInRight&quot;}\">\n\t\t\t<div class=\"elementor-widget-wrap elementor-element-populated\">\n\t\t\t\t\t\t<div class=\"elementor-element elementor-element-8f4ef82 elementor-widget elementor-widget-heading\" data-id=\"8f4ef82\" data-element_type=\"widget\" data-widget_type=\"heading.default\">\n\t\t\t\t<div class=\"elementor-widget-container\">\n\t\t\t<h2 class=\"elementor-heading-title elementor-size-default\"><span style=\"color: #927232;\">VON KLASSIKERN BIS ZUM GANZ BESONDEREN DRINK<\/span><\/h2>\t\t<\/div>\n\t\t\t\t<\/div>\n\t\t\t\t<div class=\"elementor-element elementor-element-58e661e elementor-widget elementor-widget-text-editor\" data-id=\"58e661e\" data-element_type=\"widget\" data-widget_type=\"text-editor.default\">\n\t\t\t\t<div class=\"elementor-widget-container\">\n\t\t\t\t\t\t\t<p>Mit Leidenschaft und Klasse zubereitet - du kannst einige unserer klassischen Cocktails oder unsere grosse Auswahl an Spirituosen geniessen.<\/p>\t\t\t\t\t\t<\/div>\n\t\t\t\t<\/div>\n\t\t\t\t\t<\/div>\n\t\t<\/div>\n\t\t\t\t\t<\/div>\n\t\t<\/section>\n\t\t\t\t<section class=\"elementor-section elementor-top-section elementor-element elementor-element-e6325c8 elementor-section-full_width elementor-section-height-default elementor-section-height-default\" data-id=\"e6325c8\" data-element_type=\"section\" data-settings=\"{&quot;background_background&quot;:&quot;classic&quot;}\">\n\t\t\t\t\t\t\t<div class=\"elementor-background-overlay\"><\/div>\n\t\t\t\t\t\t\t<div class=\"elementor-container elementor-column-gap-default\">\n\t\t\t\t\t<div class=\"elementor-column elementor-col-50 elementor-top-column elementor-element elementor-element-7a1a714 elementor-invisible\" data-id=\"7a1a714\" data-element_type=\"column\" data-settings=\"{&quot;background_background&quot;:&quot;classic&quot;,&quot;animation&quot;:&quot;fadeInRight&quot;}\">\n\t\t\t<div class=\"elementor-widget-wrap elementor-element-populated\">\n\t\t\t\t\t\t<div class=\"elementor-element elementor-element-b80050d elementor-widget elementor-widget-heading\" data-id=\"b80050d\" data-element_type=\"widget\" data-widget_type=\"heading.default\">\n\t\t\t\t<div class=\"elementor-widget-container\">\n\t\t\t<h2 class=\"elementor-heading-title elementor-size-default\"><span style=\"color: #927232;\">BAR FOOD<\/span><\/h2>\t\t<\/div>\n\t\t\t\t<\/div>\n\t\t\t\t<div class=\"elementor-element elementor-element-bce35a4 elementor-widget elementor-widget-text-editor\" data-id=\"bce35a4\" data-element_type=\"widget\" data-widget_type=\"text-editor.default\">\n\t\t\t\t<div class=\"elementor-widget-container\">\n\t\t\t\t\t\t\t<p>Zusammen mit unseren erfrischenden Getr\u00e4nken bieten wir auch eine Auswahl an Snacks an. Von Klassikern, wie dem typischen Schweizer Aperopl\u00e4ttli \u00fcber Currywurst SHED Style, bis hin zu Steak &amp; Pommes ist f\u00fcr jeden Geschmack etwas Leckeres dabei.<\/p>\t\t\t\t\t\t<\/div>\n\t\t\t\t<\/div>\n\t\t\t\t\t<\/div>\n\t\t<\/div>\n\t\t\t\t<div class=\"elementor-column elementor-col-50 elementor-top-column elementor-element elementor-element-3ea09b4\" data-id=\"3ea09b4\" data-element_type=\"column\">\n\t\t\t<div class=\"elementor-widget-wrap\">\n\t\t\t\t\t\t\t<\/div>\n\t\t<\/div>\n\t\t\t\t\t<\/div>\n\t\t<\/section>\n\t\t\t\t<section class=\"elementor-section elementor-top-section elementor-element elementor-element-0269d0d elementor-section-full_width elementor-section-height-default elementor-section-height-default\" data-id=\"0269d0d\" data-element_type=\"section\" data-settings=\"{&quot;background_background&quot;:&quot;classic&quot;}\">\n\t\t\t\t\t\t\t<div class=\"elementor-background-overlay\"><\/div>\n\t\t\t\t\t\t\t<div class=\"elementor-container elementor-column-gap-default\">\n\t\t\t\t\t<div class=\"elementor-column elementor-col-50 elementor-top-column elementor-element elementor-element-c08decf\" data-id=\"c08decf\" data-element_type=\"column\">\n\t\t\t<div class=\"elementor-widget-wrap\">\n\t\t\t\t\t\t\t<\/div>\n\t\t<\/div>\n\t\t\t\t<div class=\"elementor-column elementor-col-50 elementor-top-column elementor-element elementor-element-8c4fd90 elementor-invisible\" data-id=\"8c4fd90\" data-element_type=\"column\" data-settings=\"{&quot;background_background&quot;:&quot;classic&quot;,&quot;animation&quot;:&quot;fadeInLeft&quot;}\">\n\t\t\t<div class=\"elementor-widget-wrap elementor-element-populated\">\n\t\t\t\t\t\t<div class=\"elementor-element elementor-element-46958c4 elementor-widget elementor-widget-heading\" data-id=\"46958c4\" data-element_type=\"widget\" data-widget_type=\"heading.default\">\n\t\t\t\t<div class=\"elementor-widget-container\">\n\t\t\t<h2 class=\"elementor-heading-title elementor-size-default\"><span style=\"color: #927232;\">VERWEILE L\u00c4NGER IM SHED<\/span><\/h2>\t\t<\/div>\n\t\t\t\t<\/div>\n\t\t\t\t<div class=\"elementor-element elementor-element-6386115 elementor-widget elementor-widget-text-editor\" data-id=\"6386115\" data-element_type=\"widget\" data-widget_type=\"text-editor.default\">\n\t\t\t\t<div class=\"elementor-widget-container\">\n\t\t\t\t\t\t\t<p>Geniesse eine Zigarre in unserer Lounge.\nFeinste Zigarren aus aller Welt erwarten dich in unserer gem\u00fctlichen Cigar Lounge.<\/p>\t\t\t\t\t\t<\/div>\n\t\t\t\t<\/div>\n\t\t\t\t<div class=\"elementor-element elementor-element-2d106a2 elementor-align-left elementor-mobile-align-justify elementor-widget elementor-widget-button\" data-id=\"2d106a2\" data-element_type=\"widget\" data-widget_type=\"button.default\">\n\t\t\t\t<div class=\"elementor-widget-container\">\n\t\t\t\t\t<div class=\"elementor-button-wrapper\">\n\t\t\t<a class=\"elementor-button elementor-button-link elementor-size-md\" href=\"https:\/\/shed.staging-gla-united.com\/de\/cigar\/\" target=\"_blank\">\n\t\t\t\t\t\t<span class=\"elementor-button-content-wrapper\">\n\t\t\t\t\t\t\t\t\t<span class=\"elementor-button-text\">CIGAR LOUNGE<\/span>\n\t\t\t\t\t<\/span>\n\t\t\t\t\t<\/a>\n\t\t<\/div>\n\t\t\t\t<\/div>\n\t\t\t\t<\/div>\n\t\t\t\t\t<\/div>\n\t\t<\/div>\n\t\t\t\t\t<\/div>\n\t\t<\/section>\n\t\t\t\t<section class=\"elementor-section elementor-top-section elementor-element elementor-element-c489e14 elementor-section-full_width elementor-section-height-default elementor-section-height-default\" data-id=\"c489e14\" data-element_type=\"section\" data-settings=\"{&quot;background_background&quot;:&quot;classic&quot;}\">\n\t\t\t\t\t\t\t<div class=\"elementor-background-overlay\"><\/div>\n\t\t\t\t\t\t\t<div class=\"elementor-container elementor-column-gap-default\">\n\t\t\t\t\t<div class=\"elementor-column elementor-col-50 elementor-top-column elementor-element elementor-element-374bdd6 elementor-invisible\" data-id=\"374bdd6\" data-element_type=\"column\" data-settings=\"{&quot;background_background&quot;:&quot;classic&quot;,&quot;animation&quot;:&quot;fadeInRight&quot;}\">\n\t\t\t<div class=\"elementor-widget-wrap elementor-element-populated\">\n\t\t\t\t\t\t<div class=\"elementor-element elementor-element-e133fe2 elementor-widget elementor-widget-heading\" data-id=\"e133fe2\" data-element_type=\"widget\" data-widget_type=\"heading.default\">\n\t\t\t\t<div class=\"elementor-widget-container\">\n\t\t\t<h2 class=\"elementor-heading-title elementor-size-default\"><span style=\"color: #927232;\">BAR MITGLIEDSCHAFT<\/span><\/h2>\t\t<\/div>\n\t\t\t\t<\/div>\n\t\t\t\t<div class=\"elementor-element elementor-element-1a14599 elementor-widget elementor-widget-text-editor\" data-id=\"1a14599\" data-element_type=\"widget\" data-widget_type=\"text-editor.default\">\n\t\t\t\t<div class=\"elementor-widget-container\">\n\t\t\t\t\t\t\t<p>Du suchst einen Ort f\u00fcr Afterwork-Drinks und Snacks mit Freunden &amp; Kollegen?\nDann haben wir genau die richtige L\u00f6sung f\u00fcr dich. Unsere SHED.Bar Mitgliedschaft. \nHier bieten wir dir Zugang zu unserer SHED.Bar &amp; SHED.Cigar Lounge.\nF\u00fcr weitere Informationen \u2013 nimm Kontakt mit uns auf.<\/p>\t\t\t\t\t\t<\/div>\n\t\t\t\t<\/div>\n\t\t\t\t\t<\/div>\n\t\t<\/div>\n\t\t\t\t<div class=\"elementor-column elementor-col-50 elementor-top-column elementor-element elementor-element-6246713\" data-id=\"6246713\" data-element_type=\"column\">\n\t\t\t<div class=\"elementor-widget-wrap\">\n\t\t\t\t\t\t\t<\/div>\n\t\t<\/div>\n\t\t\t\t\t<\/div>\n\t\t<\/section>\n\t\t\t\t<section class=\"elementor-section elementor-top-section elementor-element elementor-element-fc345c8 elementor-section-boxed elementor-section-height-default elementor-section-height-default\" data-id=\"fc345c8\" data-element_type=\"section\" data-settings=\"{&quot;background_background&quot;:&quot;classic&quot;}\">\n\t\t\t\t\t\t<div class=\"elementor-container elementor-column-gap-default\">\n\t\t\t\t\t<div class=\"elementor-column elementor-col-100 elementor-top-column elementor-element elementor-element-0ea68da elementor-invisible\" data-id=\"0ea68da\" data-element_type=\"column\" data-settings=\"{&quot;animation&quot;:&quot;slideInRight&quot;}\">\n\t\t\t<div class=\"elementor-widget-wrap elementor-element-populated\">\n\t\t\t\t\t\t<div class=\"elementor-element elementor-element-a061612 elementor-widget elementor-widget-global elementor-global-2018 elementor-widget-shortcode\" data-id=\"a061612\" data-element_type=\"widget\" data-widget_type=\"shortcode.default\">\n\t\t\t\t<div class=\"elementor-widget-container\">\n\t\t\t\t\t<div class=\"elementor-shortcode\">\t\t<div data-elementor-type=\"section\" data--id=\"0\" data-obj-id=\"0\" data-elementor-id=\"2009\" class=\"elementor elementor-2009 e--0\" data-elementor-post-type=\"elementor_library\">\n\t\t\t\t\t<section class=\"elementor-section elementor-top-section elementor-element elementor-element-8cf4f60 membersec elementor-section-boxed elementor-section-height-default elementor-section-height-default\" data-id=\"8cf4f60\" data-element_type=\"section\" data-settings=\"{&quot;background_background&quot;:&quot;classic&quot;}\">\n\t\t\t\t\t\t<div class=\"elementor-container elementor-column-gap-default\">\n\t\t\t\t\t<div class=\"elementor-column elementor-col-100 elementor-top-column elementor-element elementor-element-dc4b3c3 elementor-invisible\" data-id=\"dc4b3c3\" data-element_type=\"column\" data-settings=\"{&quot;animation&quot;:&quot;slideInRight&quot;}\">\n\t\t\t<div class=\"elementor-widget-wrap elementor-element-populated\">\n\t\t\t\t\t\t<section class=\"elementor-section elementor-inner-section elementor-element elementor-element-81ccf7a elementor-section-boxed elementor-section-height-default elementor-section-height-default\" data-id=\"81ccf7a\" data-element_type=\"section\">\n\t\t\t\t\t\t<div class=\"elementor-container elementor-column-gap-default\">\n\t\t\t\t\t<div class=\"elementor-column elementor-col-100 elementor-inner-column elementor-element elementor-element-6b59d26\" data-id=\"6b59d26\" data-element_type=\"column\">\n\t\t\t<div class=\"elementor-widget-wrap elementor-element-populated\">\n\t\t\t\t\t\t<div class=\"elementor-element elementor-element-11e62ff elementor-widget elementor-widget-heading\" data-id=\"11e62ff\" data-element_type=\"widget\" data-widget_type=\"heading.default\">\n\t\t\t\t<div class=\"elementor-widget-container\">\n\t\t\t<h2 class=\"elementor-heading-title elementor-size-default\"><span style=\"color: #927232;\">INTERESSE AN EINER SHED.CLUB MITGLIEDSCHAFT?<\/span><\/h2>\t\t<\/div>\n\t\t\t\t<\/div>\n\t\t\t\t<div class=\"elementor-element elementor-element-c2a2fd7 elementor-widget elementor-widget-heading\" data-id=\"c2a2fd7\" data-element_type=\"widget\" data-widget_type=\"heading.default\">\n\t\t\t\t<div class=\"elementor-widget-container\">\n\t\t\t<h2 class=\"elementor-heading-title elementor-size-default\">LET US SPOIL YOU WITH TIME.<\/h2>\t\t<\/div>\n\t\t\t\t<\/div>\n\t\t\t\t<div class=\"elementor-element elementor-element-67f8236 elementor-widget elementor-widget-text-editor\" data-id=\"67f8236\" data-element_type=\"widget\" data-widget_type=\"text-editor.default\">\n\t\t\t\t<div class=\"elementor-widget-container\">\n\t\t\t\t\t\t\t<p>Unsere Mitglieder haben Zugriff auf alles, was das SHED so einzigartig macht. Neben einem ganz besonderen kulinarischen Erlebnis profitierst du von exklusiven Vorteilen.<\/p><p>Die SHED.Circle Events bieten ein abwechslungsreiches Veranstaltungsprogramm, von Masterclasses bis zu Workshops, von kulinarischen Highlights bis hin zu glitzernden Partyn\u00e4chten.<\/p><p>Geniesse die Atmosph\u00e4re mit Gleichgesinnten, vernetze dich in einem entspannten und aussergew\u00f6hnlichen Ambiente oder nutze das SHED als deine pers\u00f6nliche B\u00fchne.<\/p>\t\t\t\t\t\t<\/div>\n\t\t\t\t<\/div>\n\t\t\t\t<div class=\"elementor-element elementor-element-9c86c67 elementor-align-center elementor-widget__width-initial elementor-mobile-align-justify elementor-widget-mobile__width-inherit elementor-widget elementor-widget-button\" data-id=\"9c86c67\" data-element_type=\"widget\" data-widget_type=\"button.default\">\n\t\t\t\t<div class=\"elementor-widget-container\">\n\t\t\t\t\t<div class=\"elementor-button-wrapper\">\n\t\t\t<a class=\"elementor-button elementor-button-link elementor-size-md\" href=\"mailto:hello@shed.staging-gla-united.com\" target=\"_blank\">\n\t\t\t\t\t\t<span class=\"elementor-button-content-wrapper\">\n\t\t\t\t\t\t\t\t\t<span class=\"elementor-button-text\">E-MAIL SCHREIBEN<\/span>\n\t\t\t\t\t<\/span>\n\t\t\t\t\t<\/a>\n\t\t<\/div>\n\t\t\t\t<\/div>\n\t\t\t\t<\/div>\n\t\t\t\t<div class=\"elementor-element elementor-element-d910324 elementor-align-left elementor-widget__width-initial elementor-mobile-align-justify elementor-widget-mobile__width-inherit elementor-hidden-desktop elementor-hidden-tablet elementor-hidden-mobile elementor-widget elementor-widget-button\" data-id=\"d910324\" data-element_type=\"widget\" data-widget_type=\"button.default\">\n\t\t\t\t<div class=\"elementor-widget-container\">\n\t\t\t\t\t<div class=\"elementor-button-wrapper\">\n\t\t\t<a class=\"elementor-button elementor-button-link elementor-size-md\" href=\"tel:0041417262600\" target=\"_blank\">\n\t\t\t\t\t\t<span class=\"elementor-button-content-wrapper\">\n\t\t\t\t\t\t\t\t\t<span class=\"elementor-button-text\">CALL US<\/span>\n\t\t\t\t\t<\/span>\n\t\t\t\t\t<\/a>\n\t\t<\/div>\n\t\t\t\t<\/div>\n\t\t\t\t<\/div>\n\t\t\t\t\t<\/div>\n\t\t<\/div>\n\t\t\t\t\t<\/div>\n\t\t<\/section>\n\t\t\t\t\t<\/div>\n\t\t<\/div>\n\t\t\t\t\t<\/div>\n\t\t<\/section>\n\t\t\t\t<\/div>\n\t\t<\/div>\n\t\t\t\t<\/div>\n\t\t\t\t<\/div>\n\t\t\t\t\t<\/div>\n\t\t<\/div>\n\t\t\t\t\t<\/div>\n\t\t<\/section>\n\t\t\t\t<\/div>","protected":false},"excerpt":{"rendered":"","protected":false},"author":1,"featured_media":0,"parent":0,"menu_order":11,"comment_status":"closed","ping_status":"closed","template":"elementor_canvas","meta":{"inline_featured_image":false,"footnotes":""},"class_list":{"0":"post-1056","1":"page","2":"type-page","3":"status-publish","5":"no-featured-image-padding"},"acf":[],"yoast_head":"<!-- This site is optimized with the Yoast SEO plugin v22.8 - https:\/\/yoast.com\/wordpress\/plugins\/seo\/ -->\n<title>SHED.Bar - SHED Zug<\/title>\n<meta name=\"robots\" content=\"noindex, follow, max-snippet:-1, max-image-preview:large, max-video-preview:-1\" \/>\n<meta property=\"og:locale\" content=\"de_DE\" \/>\n<meta property=\"og:type\" content=\"article\" \/>\n<meta property=\"og:title\" content=\"SHED.Bar - SHED Zug\" \/>\n<meta property=\"og:url\" content=\"https:\/\/shed.staging-gla-united.com\/de\/bar\/\" \/>\n<meta property=\"og:site_name\" content=\"SHED Zug\" \/>\n<meta property=\"article:modified_time\" content=\"2024-05-25T13:35:56+00:00\" \/>\n<meta property=\"og:image\" content=\"https:\/\/shedzug.digitalwerk.org\/wp-content\/uploads\/2022\/02\/BAR-1.svg\" \/>\n<meta name=\"twitter:card\" content=\"summary_large_image\" \/>\n<meta name=\"twitter:label1\" content=\"Gesch\u00e4tzte Lesezeit\" \/>\n\t<meta name=\"twitter:data1\" content=\"3\u00a0Minuten\" \/>\n<script type=\"application\/ld+json\" class=\"yoast-schema-graph\">{\"@context\":\"https:\/\/schema.org\",\"@graph\":[{\"@type\":\"WebPage\",\"@id\":\"https:\/\/shed.staging-gla-united.com\/bar\/\",\"url\":\"https:\/\/shed.staging-gla-united.com\/bar\/\",\"name\":\"SHED.Bar - SHED Zug\",\"isPartOf\":{\"@id\":\"https:\/\/shed.staging-gla-united.com\/#website\"},\"primaryImageOfPage\":{\"@id\":\"https:\/\/shed.staging-gla-united.com\/bar\/#primaryimage\"},\"image\":{\"@id\":\"https:\/\/shed.staging-gla-united.com\/bar\/#primaryimage\"},\"thumbnailUrl\":\"https:\/\/shedzug.digitalwerk.org\/wp-content\/uploads\/2022\/02\/BAR-1.svg\",\"datePublished\":\"2022-02-16T22:51:56+00:00\",\"dateModified\":\"2024-05-25T13:35:56+00:00\",\"breadcrumb\":{\"@id\":\"https:\/\/shed.staging-gla-united.com\/bar\/#breadcrumb\"},\"inLanguage\":\"de\",\"potentialAction\":[{\"@type\":\"ReadAction\",\"target\":[\"https:\/\/shed.staging-gla-united.com\/bar\/\"]}]},{\"@type\":\"ImageObject\",\"inLanguage\":\"de\",\"@id\":\"https:\/\/shed.staging-gla-united.com\/bar\/#primaryimage\",\"url\":\"https:\/\/shedzug.digitalwerk.org\/wp-content\/uploads\/2022\/02\/BAR-1.svg\",\"contentUrl\":\"https:\/\/shedzug.digitalwerk.org\/wp-content\/uploads\/2022\/02\/BAR-1.svg\"},{\"@type\":\"BreadcrumbList\",\"@id\":\"https:\/\/shed.staging-gla-united.com\/bar\/#breadcrumb\",\"itemListElement\":[{\"@type\":\"ListItem\",\"position\":1,\"name\":\"Startseite\",\"item\":\"https:\/\/shed.staging-gla-united.com\/\"},{\"@type\":\"ListItem\",\"position\":2,\"name\":\"SHED.Bar\"}]},{\"@type\":\"WebSite\",\"@id\":\"https:\/\/shed.staging-gla-united.com\/#website\",\"url\":\"https:\/\/shed.staging-gla-united.com\/\",\"name\":\"SHED Zug\",\"description\":\"\",\"potentialAction\":[{\"@type\":\"SearchAction\",\"target\":{\"@type\":\"EntryPoint\",\"urlTemplate\":\"https:\/\/shed.staging-gla-united.com\/?s={search_term_string}\"},\"query-input\":\"required name=search_term_string\"}],\"inLanguage\":\"de\"}]}<\/script>\n<!-- \/ Yoast SEO plugin. -->","yoast_head_json":{"title":"SHED.Bar - SHED Zug","robots":{"index":"noindex","follow":"follow","max-snippet":"max-snippet:-1","max-image-preview":"max-image-preview:large","max-video-preview":"max-video-preview:-1"},"og_locale":"de_DE","og_type":"article","og_title":"SHED.Bar - SHED Zug","og_url":"https:\/\/shed.staging-gla-united.com\/de\/bar\/","og_site_name":"SHED Zug","article_modified_time":"2024-05-25T13:35:56+00:00","og_image":[{"url":"https:\/\/shedzug.digitalwerk.org\/wp-content\/uploads\/2022\/02\/BAR-1.svg"}],"twitter_card":"summary_large_image","twitter_misc":{"Gesch\u00e4tzte Lesezeit":"3\u00a0Minuten"},"schema":{"@context":"https:\/\/schema.org","@graph":[{"@type":"WebPage","@id":"https:\/\/shed.staging-gla-united.com\/bar\/","url":"https:\/\/shed.staging-gla-united.com\/bar\/","name":"SHED.Bar - SHED Zug","isPartOf":{"@id":"https:\/\/shed.staging-gla-united.com\/#website"},"primaryImageOfPage":{"@id":"https:\/\/shed.staging-gla-united.com\/bar\/#primaryimage"},"image":{"@id":"https:\/\/shed.staging-gla-united.com\/bar\/#primaryimage"},"thumbnailUrl":"https:\/\/shedzug.digitalwerk.org\/wp-content\/uploads\/2022\/02\/BAR-1.svg","datePublished":"2022-02-16T22:51:56+00:00","dateModified":"2024-05-25T13:35:56+00:00","breadcrumb":{"@id":"https:\/\/shed.staging-gla-united.com\/bar\/#breadcrumb"},"inLanguage":"de","potentialAction":[{"@type":"ReadAction","target":["https:\/\/shed.staging-gla-united.com\/bar\/"]}]},{"@type":"ImageObject","inLanguage":"de","@id":"https:\/\/shed.staging-gla-united.com\/bar\/#primaryimage","url":"https:\/\/shedzug.digitalwerk.org\/wp-content\/uploads\/2022\/02\/BAR-1.svg","contentUrl":"https:\/\/shedzug.digitalwerk.org\/wp-content\/uploads\/2022\/02\/BAR-1.svg"},{"@type":"BreadcrumbList","@id":"https:\/\/shed.staging-gla-united.com\/bar\/#breadcrumb","itemListElement":[{"@type":"ListItem","position":1,"name":"Startseite","item":"https:\/\/shed.staging-gla-united.com\/"},{"@type":"ListItem","position":2,"name":"SHED.Bar"}]},{"@type":"WebSite","@id":"https:\/\/shed.staging-gla-united.com\/#website","url":"https:\/\/shed.staging-gla-united.com\/","name":"SHED Zug","description":"","potentialAction":[{"@type":"SearchAction","target":{"@type":"EntryPoint","urlTemplate":"https:\/\/shed.staging-gla-united.com\/?s={search_term_string}"},"query-input":"required name=search_term_string"}],"inLanguage":"de"}]}},"_links":{"self":[{"href":"https:\/\/shed.staging-gla-united.com\/de\/wp-json\/wp\/v2\/pages\/1056","targetHints":{"allow":["GET"]}}],"collection":[{"href":"https:\/\/shed.staging-gla-united.com\/de\/wp-json\/wp\/v2\/pages"}],"about":[{"href":"https:\/\/shed.staging-gla-united.com\/de\/wp-json\/wp\/v2\/types\/page"}],"author":[{"embeddable":true,"href":"https:\/\/shed.staging-gla-united.com\/de\/wp-json\/wp\/v2\/users\/1"}],"replies":[{"embeddable":true,"href":"https:\/\/shed.staging-gla-united.com\/de\/wp-json\/wp\/v2\/comments?post=1056"}],"version-history":[{"count":10,"href":"https:\/\/shed.staging-gla-united.com\/de\/wp-json\/wp\/v2\/pages\/1056\/revisions"}],"predecessor-version":[{"id":2821,"href":"https:\/\/shed.staging-gla-united.com\/de\/wp-json\/wp\/v2\/pages\/1056\/revisions\/2821"}],"wp:attachment":[{"href":"https:\/\/shed.staging-gla-united.com\/de\/wp-json\/wp\/v2\/media?parent=1056"}],"curies":[{"name":"wp","href":"https:\/\/api.w.org\/{rel}","templated":true}]}}